{"id":36,"date":"2019-07-09T14:17:16","date_gmt":"2019-07-09T12:17:16","guid":{"rendered":"http:\/\/www.in-orkestra.com\/in-orkestra\/"},"modified":"2026-04-11T14:02:13","modified_gmt":"2026-04-11T12:02:13","slug":"in-orkestra","status":"publish","type":"page","link":"https:\/\/www.in-orkestra.com\/sr\/in-orkestra\/","title":{"rendered":"Bend"},"content":{"rendered":"\n<div class=\"wp-block-group\"><div class=\"wp-block-group__inner-container is-layout-constrained wp-block-group-is-layout-constrained\">\n<h2 class=\"wp-block-heading\"><strong>Ko smo mi<\/strong> ?<\/h2>\n\n\n\n<p style=\"font-size:22px\"><strong>In-Orkestra<\/strong>, \u017eiva muzi\u010dka grupa u kabare stilu,, eksplozivna i atipi\u010dna, nudi porodici srca kompletnih profesionalnih umetnika sa vi\u0161estrukim talentima sa 4 strane sveta koji zajedno dele scenu i prazni\u010dnu energiju muzike za vas. da pru\u017eite najbolje trenutke u svojim doga\u0111ajima.<\/p>\n\n\n\n<p style=\"font-size:22px\"><strong>In-Orkestra<\/strong> \u0107e vas pratiti za sve va\u0161e prilike, za sve ukuse i za sve generacije u repertoaru raznolikih muzi\u010dkih omota i uz li\u010dni dodir kroz francusku i me\u0111unarodnu raznovrsnost, d\u017eez, ciganska, latino, balkan, pop rok, fank, 80-e\u2026<\/p>\n<\/div><\/div>\n\n\n\n<ul style=\"font-size:22px\" class=\"wp-block-list has-medium-gray-color has-text-color has-link-color wp-elements-a695fe3bab76a6704cae4e88a378f977\">\n<li>Prilago\u0111ene formule na va\u0161 zahtev<\/li>\n\n\n\n<li>Uklju\u010deni zvuk i svetlo<\/li>\n\n\n\n<li>U\u017eivo DJ dostupan na zahtev<\/li>\n<\/ul>\n\n\n\n<figure class=\"wp-block-gallery has-nested-images columns-4 is-cropped wp-block-gallery-1 is-layout-flex wp-block-gallery-is-layout-flex\">\n<figure class=\"wp-block-image size-full\"><img loading=\"lazy\" decoding=\"async\" width=\"720\" height=\"720\" data-id=\"57\" src=\"http:\/\/www.in-orkestra.com\/wp-content\/uploads\/2024\/06\/B5596337-3549-43F1-A578-EC296CEC943D-720x720-1.jpg\" alt=\"\" class=\"wp-image-57\" srcset=\"https:\/\/www.in-orkestra.com\/wp-content\/uploads\/2024\/06\/B5596337-3549-43F1-A578-EC296CEC943D-720x720-1.jpg 720w, https:\/\/www.in-orkestra.com\/wp-content\/uploads\/2024\/06\/B5596337-3549-43F1-A578-EC296CEC943D-720x720-1-300x300.jpg 300w, https:\/\/www.in-orkestra.com\/wp-content\/uploads\/2024\/06\/B5596337-3549-43F1-A578-EC296CEC943D-720x720-1-150x150.jpg 150w, https:\/\/www.in-orkestra.com\/wp-content\/uploads\/2024\/06\/B5596337-3549-43F1-A578-EC296CEC943D-720x720-1-640x640.jpg 640w, https:\/\/www.in-orkestra.com\/wp-content\/uploads\/2024\/06\/B5596337-3549-43F1-A578-EC296CEC943D-720x720-1-70x70.jpg 70w, https:\/\/www.in-orkestra.com\/wp-content\/uploads\/2024\/06\/B5596337-3549-43F1-A578-EC296CEC943D-720x720-1-80x80.jpg 80w, https:\/\/www.in-orkestra.com\/wp-content\/uploads\/2024\/06\/B5596337-3549-43F1-A578-EC296CEC943D-720x720-1-50x50.jpg 50w\" sizes=\"auto, (max-width: 720px) 100vw, 720px\" \/><figcaption class=\"wp-element-caption\">Laure<\/figcaption><\/figure>\n\n\n\n<figure class=\"wp-block-image size-full\"><img loading=\"lazy\" decoding=\"async\" width=\"640\" height=\"853\" data-id=\"61\" src=\"http:\/\/www.in-orkestra.com\/wp-content\/uploads\/2024\/06\/DD85BA9E-B085-4771-8835-FD55A169EE50-640x853-1.jpg\" alt=\"\" class=\"wp-image-61\" srcset=\"https:\/\/www.in-orkestra.com\/wp-content\/uploads\/2024\/06\/DD85BA9E-B085-4771-8835-FD55A169EE50-640x853-1.jpg 640w, https:\/\/www.in-orkestra.com\/wp-content\/uploads\/2024\/06\/DD85BA9E-B085-4771-8835-FD55A169EE50-640x853-1-225x300.jpg 225w, https:\/\/www.in-orkestra.com\/wp-content\/uploads\/2024\/06\/DD85BA9E-B085-4771-8835-FD55A169EE50-640x853-1-580x773.jpg 580w\" sizes=\"auto, (max-width: 640px) 100vw, 640px\" \/><figcaption class=\"wp-element-caption\">Stanko<\/figcaption><\/figure>\n\n\n\n<figure class=\"wp-block-image size-large\"><img loading=\"lazy\" decoding=\"async\" width=\"683\" height=\"1024\" data-id=\"119\" src=\"http:\/\/www.in-orkestra.com\/wp-content\/uploads\/2024\/06\/0CF6A9EA-10F3-4850-A29D-D2A6F603669B-683x1024.jpg\" alt=\"\" class=\"wp-image-119\" srcset=\"https:\/\/www.in-orkestra.com\/wp-content\/uploads\/2024\/06\/0CF6A9EA-10F3-4850-A29D-D2A6F603669B-683x1024.jpg 683w, https:\/\/www.in-orkestra.com\/wp-content\/uploads\/2024\/06\/0CF6A9EA-10F3-4850-A29D-D2A6F603669B-200x300.jpg 200w, https:\/\/www.in-orkestra.com\/wp-content\/uploads\/2024\/06\/0CF6A9EA-10F3-4850-A29D-D2A6F603669B-768x1152.jpg 768w, https:\/\/www.in-orkestra.com\/wp-content\/uploads\/2024\/06\/0CF6A9EA-10F3-4850-A29D-D2A6F603669B-1024x1536.jpg 1024w, https:\/\/www.in-orkestra.com\/wp-content\/uploads\/2024\/06\/0CF6A9EA-10F3-4850-A29D-D2A6F603669B-1365x2048.jpg 1365w, https:\/\/www.in-orkestra.com\/wp-content\/uploads\/2024\/06\/0CF6A9EA-10F3-4850-A29D-D2A6F603669B-scaled.jpg 1707w\" sizes=\"auto, (max-width: 683px) 100vw, 683px\" \/><figcaption class=\"wp-element-caption\">Juliana<\/figcaption><\/figure>\n\n\n\n<figure class=\"wp-block-image size-large\"><img loading=\"lazy\" decoding=\"async\" width=\"768\" height=\"1024\" data-id=\"283\" src=\"http:\/\/www.in-orkestra.com\/wp-content\/uploads\/2024\/06\/MichaelLecoq-768x1024.jpeg\" alt=\"\" class=\"wp-image-283\" srcset=\"https:\/\/www.in-orkestra.com\/wp-content\/uploads\/2024\/06\/MichaelLecoq-768x1024.jpeg 768w, https:\/\/www.in-orkestra.com\/wp-content\/uploads\/2024\/06\/MichaelLecoq-225x300.jpeg 225w, https:\/\/www.in-orkestra.com\/wp-content\/uploads\/2024\/06\/MichaelLecoq-1152x1536.jpeg 1152w, https:\/\/www.in-orkestra.com\/wp-content\/uploads\/2024\/06\/MichaelLecoq-580x773.jpeg 580w, https:\/\/www.in-orkestra.com\/wp-content\/uploads\/2024\/06\/MichaelLecoq-640x853.jpeg 640w, https:\/\/www.in-orkestra.com\/wp-content\/uploads\/2024\/06\/MichaelLecoq.jpeg 1200w\" sizes=\"auto, (max-width: 768px) 100vw, 768px\" \/><figcaption class=\"wp-element-caption\">Michael<\/figcaption><\/figure>\n\n\n\n<figure class=\"wp-block-image size-large\"><img loading=\"lazy\" decoding=\"async\" width=\"683\" height=\"1024\" data-id=\"27\" src=\"http:\/\/www.in-orkestra.com\/wp-content\/uploads\/2019\/07\/3C03349E-7C39-42D4-833E-F384129016A6-2-683x1024.jpg\" alt=\"\" class=\"wp-image-27\" srcset=\"https:\/\/www.in-orkestra.com\/wp-content\/uploads\/2019\/07\/3C03349E-7C39-42D4-833E-F384129016A6-2-683x1024.jpg 683w, https:\/\/www.in-orkestra.com\/wp-content\/uploads\/2019\/07\/3C03349E-7C39-42D4-833E-F384129016A6-2-200x300.jpg 200w, https:\/\/www.in-orkestra.com\/wp-content\/uploads\/2019\/07\/3C03349E-7C39-42D4-833E-F384129016A6-2-768x1152.jpg 768w, https:\/\/www.in-orkestra.com\/wp-content\/uploads\/2019\/07\/3C03349E-7C39-42D4-833E-F384129016A6-2-1024x1536.jpg 1024w, https:\/\/www.in-orkestra.com\/wp-content\/uploads\/2019\/07\/3C03349E-7C39-42D4-833E-F384129016A6-2-1200x1800.jpg 1200w, https:\/\/www.in-orkestra.com\/wp-content\/uploads\/2019\/07\/3C03349E-7C39-42D4-833E-F384129016A6-2.jpg 1280w\" sizes=\"auto, (max-width: 683px) 100vw, 683px\" \/><figcaption class=\"wp-element-caption\">L\u00e9o<\/figcaption><\/figure>\n\n\n\n<figure class=\"wp-block-image size-full\"><img decoding=\"async\" data-id=\"52\" src=\"http:\/\/www.in-orkestra.com\/wp-content\/uploads\/2024\/06\/968D0E70-6958-4721-8165-104E773EBA34-1-640x640-1.jpg\" alt=\"\" class=\"wp-image-52\"\/><figcaption class=\"wp-element-caption\">Natalya<\/figcaption><\/figure>\n\n\n\n<figure class=\"wp-block-image size-large\"><img loading=\"lazy\" decoding=\"async\" width=\"1021\" height=\"1024\" data-id=\"288\" src=\"http:\/\/www.in-orkestra.com\/wp-content\/uploads\/2024\/06\/WozCaly-1021x1024.jpg\" alt=\"\" class=\"wp-image-288\" srcset=\"https:\/\/www.in-orkestra.com\/wp-content\/uploads\/2024\/06\/WozCaly-1021x1024.jpg 1021w, https:\/\/www.in-orkestra.com\/wp-content\/uploads\/2024\/06\/WozCaly-300x300.jpg 300w, https:\/\/www.in-orkestra.com\/wp-content\/uploads\/2024\/06\/WozCaly-150x150.jpg 150w, https:\/\/www.in-orkestra.com\/wp-content\/uploads\/2024\/06\/WozCaly-768x771.jpg 768w, https:\/\/www.in-orkestra.com\/wp-content\/uploads\/2024\/06\/WozCaly-70x70.jpg 70w, https:\/\/www.in-orkestra.com\/wp-content\/uploads\/2024\/06\/WozCaly-80x80.jpg 80w, https:\/\/www.in-orkestra.com\/wp-content\/uploads\/2024\/06\/WozCaly-400x400.jpg 400w, https:\/\/www.in-orkestra.com\/wp-content\/uploads\/2024\/06\/WozCaly.jpg 1179w\" sizes=\"auto, (max-width: 1021px) 100vw, 1021px\" \/><figcaption class=\"wp-element-caption\">Woz<\/figcaption><\/figure>\n\n\n\n<figure class=\"wp-block-image size-large\"><img loading=\"lazy\" decoding=\"async\" width=\"720\" height=\"720\" data-id=\"84\" src=\"http:\/\/www.in-orkestra.com\/wp-content\/uploads\/2024\/06\/IMG_4409-e1565262166611-720x720-1.jpg\" alt=\"\" class=\"wp-image-84\" srcset=\"https:\/\/www.in-orkestra.com\/wp-content\/uploads\/2024\/06\/IMG_4409-e1565262166611-720x720-1.jpg 720w, https:\/\/www.in-orkestra.com\/wp-content\/uploads\/2024\/06\/IMG_4409-e1565262166611-720x720-1-300x300.jpg 300w, https:\/\/www.in-orkestra.com\/wp-content\/uploads\/2024\/06\/IMG_4409-e1565262166611-720x720-1-150x150.jpg 150w, https:\/\/www.in-orkestra.com\/wp-content\/uploads\/2024\/06\/IMG_4409-e1565262166611-720x720-1-640x640.jpg 640w, https:\/\/www.in-orkestra.com\/wp-content\/uploads\/2024\/06\/IMG_4409-e1565262166611-720x720-1-70x70.jpg 70w, https:\/\/www.in-orkestra.com\/wp-content\/uploads\/2024\/06\/IMG_4409-e1565262166611-720x720-1-80x80.jpg 80w, https:\/\/www.in-orkestra.com\/wp-content\/uploads\/2024\/06\/IMG_4409-e1565262166611-720x720-1-50x50.jpg 50w\" sizes=\"auto, (max-width: 720px) 100vw, 720px\" \/><figcaption class=\"wp-element-caption\">Catherine<\/figcaption><\/figure>\n\n\n\n<figure class=\"wp-block-image size-full\"><img loading=\"lazy\" decoding=\"async\" width=\"768\" height=\"769\" data-id=\"78\" src=\"http:\/\/www.in-orkestra.com\/wp-content\/uploads\/2024\/06\/IMG_1039-768x769-1.jpeg\" alt=\"\" class=\"wp-image-78\" srcset=\"https:\/\/www.in-orkestra.com\/wp-content\/uploads\/2024\/06\/IMG_1039-768x769-1.jpeg 768w, https:\/\/www.in-orkestra.com\/wp-content\/uploads\/2024\/06\/IMG_1039-768x769-1-300x300.jpeg 300w, https:\/\/www.in-orkestra.com\/wp-content\/uploads\/2024\/06\/IMG_1039-768x769-1-150x150.jpeg 150w, https:\/\/www.in-orkestra.com\/wp-content\/uploads\/2024\/06\/IMG_1039-768x769-1-640x640.jpeg 640w, https:\/\/www.in-orkestra.com\/wp-content\/uploads\/2024\/06\/IMG_1039-768x769-1-720x720.jpeg 720w, https:\/\/www.in-orkestra.com\/wp-content\/uploads\/2024\/06\/IMG_1039-768x769-1-70x70.jpeg 70w, https:\/\/www.in-orkestra.com\/wp-content\/uploads\/2024\/06\/IMG_1039-768x769-1-80x80.jpeg 80w, https:\/\/www.in-orkestra.com\/wp-content\/uploads\/2024\/06\/IMG_1039-768x769-1-50x50.jpeg 50w, https:\/\/www.in-orkestra.com\/wp-content\/uploads\/2024\/06\/IMG_1039-768x769-1-600x600.jpeg 600w, https:\/\/www.in-orkestra.com\/wp-content\/uploads\/2024\/06\/IMG_1039-768x769-1-700x700.jpeg 700w, https:\/\/www.in-orkestra.com\/wp-content\/uploads\/2024\/06\/IMG_1039-768x769-1-620x620.jpeg 620w, https:\/\/www.in-orkestra.com\/wp-content\/uploads\/2024\/06\/IMG_1039-768x769-1-400x400.jpeg 400w\" sizes=\"auto, (max-width: 768px) 100vw, 768px\" \/><figcaption class=\"wp-element-caption\">Manu<\/figcaption><\/figure>\n\n\n\n<figure class=\"wp-block-image size-large\"><img loading=\"lazy\" decoding=\"async\" width=\"761\" height=\"1024\" data-id=\"281\" src=\"http:\/\/www.in-orkestra.com\/wp-content\/uploads\/2024\/06\/Forevernoun-web-761x1024.png\" alt=\"\" class=\"wp-image-281\" srcset=\"https:\/\/www.in-orkestra.com\/wp-content\/uploads\/2024\/06\/Forevernoun-web-761x1024.png 761w, https:\/\/www.in-orkestra.com\/wp-content\/uploads\/2024\/06\/Forevernoun-web-223x300.png 223w, https:\/\/www.in-orkestra.com\/wp-content\/uploads\/2024\/06\/Forevernoun-web-768x1033.png 768w, https:\/\/www.in-orkestra.com\/wp-content\/uploads\/2024\/06\/Forevernoun-web.png 892w\" sizes=\"auto, (max-width: 761px) 100vw, 761px\" \/><figcaption class=\"wp-element-caption\">ForeverNoun<\/figcaption><\/figure>\n\n\n\n<figure class=\"wp-block-image size-large\"><img loading=\"lazy\" decoding=\"async\" width=\"638\" height=\"960\" data-id=\"72\" src=\"http:\/\/www.in-orkestra.com\/wp-content\/uploads\/2024\/06\/IMG_3935-1.jpg\" alt=\"\" class=\"wp-image-72\" srcset=\"https:\/\/www.in-orkestra.com\/wp-content\/uploads\/2024\/06\/IMG_3935-1.jpg 638w, https:\/\/www.in-orkestra.com\/wp-content\/uploads\/2024\/06\/IMG_3935-1-199x300.jpg 199w\" sizes=\"auto, (max-width: 638px) 100vw, 638px\" \/><figcaption class=\"wp-element-caption\">Mirella<\/figcaption><\/figure>\n\n\n\n<figure class=\"wp-block-image size-full\"><img loading=\"lazy\" decoding=\"async\" width=\"851\" height=\"1280\" data-id=\"464\" src=\"http:\/\/www.in-orkestra.com\/wp-content\/uploads\/2024\/06\/nenad.jpeg\" alt=\"\" class=\"wp-image-464\" srcset=\"https:\/\/www.in-orkestra.com\/wp-content\/uploads\/2024\/06\/nenad.jpeg 851w, https:\/\/www.in-orkestra.com\/wp-content\/uploads\/2024\/06\/nenad-199x300.jpeg 199w, https:\/\/www.in-orkestra.com\/wp-content\/uploads\/2024\/06\/nenad-681x1024.jpeg 681w, https:\/\/www.in-orkestra.com\/wp-content\/uploads\/2024\/06\/nenad-768x1155.jpeg 768w\" sizes=\"auto, (max-width: 851px) 100vw, 851px\" \/><figcaption class=\"wp-element-caption\">Nenad<\/figcaption><\/figure>\n<\/figure>\n\n\n\n<h2 class=\"wp-block-heading\">Formula koja odgovara va\u0161im potrebama<\/h2>\n\n\n\n<div class=\"wp-block-group\" style=\"font-size:22px\"><div class=\"wp-block-group__inner-container is-layout-constrained wp-block-group-is-layout-constrained\">\n<p><strong>In-Orkestra<\/strong> je grupa kompletnih umetnika koja se kre\u0107e od 2 do 14 umetnika.<br>Svaki muzi\u010dar je tako\u0111e peva\u010d<\/p>\n<\/div><\/div>\n\n\n\n<ul style=\"font-size:22px\" class=\"wp-block-list has-medium-gray-color has-text-color has-link-color wp-elements-9233e163043e3eaeb00491b9dabce4b1\">\n<li>Gitara \/ glas<\/li>\n\n\n\n<li>Bubanj \/ glas<\/li>\n\n\n\n<li>Bas \/ kontrabas \/ glas<\/li>\n\n\n\n<li>Piano \/ glas <\/li>\n\n\n\n<li>Harmonika \/ glas<\/li>\n\n\n\n<li>1 internacionalni peva\u010d<\/li>\n\n\n\n<li>1 jazz peva\u010d, pop rok<\/li>\n\n\n\n<li>1 saksofonista<\/li>\n\n\n\n<li>1 balkanski pleh orkestar (od 3 do 5 muzi\u010dara)<\/li>\n\n\n\n<li>2 Kabare plesa\u010dice<\/li>\n<\/ul>\n\n\n\n<h2 class=\"wp-block-heading\">Teme i detalji Va\u0161eg doga\u0111aja<\/h2>\n\n\n\n<div class=\"wp-block-group\" style=\"font-size:22px\"><div class=\"wp-block-group__inner-container is-layout-constrained wp-block-group-is-layout-constrained\">\n<p>Na raspolaganju smo vam da razgovaramo i prilagodimo se va\u0161em zahtevu za celokupnu organizaciju va\u0161e privatne zabave.<\/p>\n\n\n\n<p>In-Orkestra \u0107e uvijek biti \u0161ik i elegantan te \u0107e odgovarati temama ili dress codeu va\u0161e ve\u010deri ili doga\u0111aja.<\/p>\n<\/div><\/div>\n\n\n\n<h2 class=\"wp-block-heading\"><strong>Kontakt<\/strong><\/h2>\n\n\n\n<p class=\"has-medium-gray-color has-text-color has-link-color wp-elements-9aded88f48d27b5ce3f5391ce59d0872\" style=\"font-size:22px\">Kontakt i cene usluga : <a href=\"mailto:prechaclaure@gmail.com\" target=\"_blank\" rel=\"noreferrer noopener\">prechaclaure@gmail.com<\/a><\/p>\n","protected":false},"excerpt":{"rendered":"<p>Ko smo mi ? In-Orkestra, \u017eiva muzi\u010dka grupa u kabare stilu,, eksplozivna i atipi\u010dna, nudi porodici srca kompletnih profesionalnih umetnika sa vi\u0161estrukim talentima sa 4 strane sveta koji zajedno dele<\/p>\n<p class=\"more-link\"><a href=\"https:\/\/www.in-orkestra.com\/sr\/in-orkestra\/\" class=\"readmore\">Lire la suite&#8230;<span class=\"screen-reader-text\">Bend<\/span><\/a><\/p>\n","protected":false},"author":1,"featured_media":28,"parent":0,"menu_order":0,"comment_status":"closed","ping_status":"closed","template":"","meta":{"footnotes":""},"class_list":["post-36","page","type-page","status-publish","has-post-thumbnail","hentry"],"guten_post_layout_featured_media_urls":{"full":["https:\/\/www.in-orkestra.com\/wp-content\/uploads\/2019\/07\/IMG_5610-2.jpg",1280,818,false],"thumbnail":["https:\/\/www.in-orkestra.com\/wp-content\/uploads\/2019\/07\/IMG_5610-2-150x150.jpg",150,150,true],"medium":["https:\/\/www.in-orkestra.com\/wp-content\/uploads\/2019\/07\/IMG_5610-2-300x192.jpg",300,192,true],"medium_large":["https:\/\/www.in-orkestra.com\/wp-content\/uploads\/2019\/07\/IMG_5610-2-768x491.jpg",768,491,true],"large":["https:\/\/www.in-orkestra.com\/wp-content\/uploads\/2019\/07\/IMG_5610-2-1024x654.jpg",920,588,true],"1536x1536":["https:\/\/www.in-orkestra.com\/wp-content\/uploads\/2019\/07\/IMG_5610-2.jpg",1280,818,false],"2048x2048":["https:\/\/www.in-orkestra.com\/wp-content\/uploads\/2019\/07\/IMG_5610-2.jpg",1280,818,false],"guten_post_layout_landscape_large":["https:\/\/www.in-orkestra.com\/wp-content\/uploads\/2019\/07\/IMG_5610-2.jpg",1200,767,false],"guten_post_layout_portrait_large":["https:\/\/www.in-orkestra.com\/wp-content\/uploads\/2019\/07\/IMG_5610-2.jpg",1200,767,false],"guten_post_layout_square_large":["https:\/\/www.in-orkestra.com\/wp-content\/uploads\/2019\/07\/IMG_5610-2.jpg",1200,767,false],"guten_post_layout_landscape":["https:\/\/www.in-orkestra.com\/wp-content\/uploads\/2019\/07\/IMG_5610-2.jpg",600,383,false],"guten_post_layout_portrait":["https:\/\/www.in-orkestra.com\/wp-content\/uploads\/2019\/07\/IMG_5610-2.jpg",600,383,false],"guten_post_layout_square":["https:\/\/www.in-orkestra.com\/wp-content\/uploads\/2019\/07\/IMG_5610-2.jpg",600,383,false],"post-thumbnail":["https:\/\/www.in-orkestra.com\/wp-content\/uploads\/2019\/07\/IMG_5610-2-1200x767.jpg",640,409,true],"euphony-archive":["https:\/\/www.in-orkestra.com\/wp-content\/uploads\/2019\/07\/IMG_5610-2.jpg",920,588,false],"euphony-archive-landscape":["https:\/\/www.in-orkestra.com\/wp-content\/uploads\/2019\/07\/IMG_5610-2.jpg",580,371,false],"euphony-archive-portrait":["https:\/\/www.in-orkestra.com\/wp-content\/uploads\/2019\/07\/IMG_5610-2.jpg",580,371,false],"euphony-slider":["https:\/\/www.in-orkestra.com\/wp-content\/uploads\/2019\/07\/IMG_5610-2.jpg",1280,818,false],"euphony-testimonial":["https:\/\/www.in-orkestra.com\/wp-content\/uploads\/2019\/07\/IMG_5610-2.jpg",720,460,false],"euphony-stats":["https:\/\/www.in-orkestra.com\/wp-content\/uploads\/2019\/07\/IMG_5610-2.jpg",70,45,false],"euphony-team":["https:\/\/www.in-orkestra.com\/wp-content\/uploads\/2019\/07\/IMG_5610-2.jpg",640,409,false],"euphony-service":["https:\/\/www.in-orkestra.com\/wp-content\/uploads\/2019\/07\/IMG_5610-2.jpg",80,51,false],"euphony-logo-slider":["https:\/\/www.in-orkestra.com\/wp-content\/uploads\/2019\/07\/IMG_5610-2.jpg",175,112,false]},"_links":{"self":[{"href":"https:\/\/www.in-orkestra.com\/sr\/wp-json\/wp\/v2\/pages\/36","targetHints":{"allow":["GET"]}}],"collection":[{"href":"https:\/\/www.in-orkestra.com\/sr\/wp-json\/wp\/v2\/pages"}],"about":[{"href":"https:\/\/www.in-orkestra.com\/sr\/wp-json\/wp\/v2\/types\/page"}],"author":[{"embeddable":true,"href":"https:\/\/www.in-orkestra.com\/sr\/wp-json\/wp\/v2\/users\/1"}],"replies":[{"embeddable":true,"href":"https:\/\/www.in-orkestra.com\/sr\/wp-json\/wp\/v2\/comments?post=36"}],"version-history":[{"count":80,"href":"https:\/\/www.in-orkestra.com\/sr\/wp-json\/wp\/v2\/pages\/36\/revisions"}],"predecessor-version":[{"id":571,"href":"https:\/\/www.in-orkestra.com\/sr\/wp-json\/wp\/v2\/pages\/36\/revisions\/571"}],"wp:featuredmedia":[{"embeddable":true,"href":"https:\/\/www.in-orkestra.com\/sr\/wp-json\/wp\/v2\/media\/28"}],"wp:attachment":[{"href":"https:\/\/www.in-orkestra.com\/sr\/wp-json\/wp\/v2\/media?parent=36"}],"curies":[{"name":"wp","href":"https:\/\/api.w.org\/{rel}","templated":true}]}}