{"id":42,"date":"2019-07-29T11:31:59","date_gmt":"2019-07-29T09:31:59","guid":{"rendered":"http:\/\/www.in-orkestra.com\/in-orkestra-2\/"},"modified":"2026-04-11T13:06:50","modified_gmt":"2026-04-11T11:06:50","slug":"in-orkestra-2","status":"publish","type":"page","link":"https:\/\/www.in-orkestra.com\/sr\/","title":{"rendered":"Bienvenue"},"content":{"rendered":"\n<figure class=\"wp-block-embed is-type-video is-provider-youtube wp-block-embed-youtube wp-embed-aspect-16-9 wp-has-aspect-ratio\"><div class=\"wp-block-embed__wrapper\">\n<iframe loading=\"lazy\" title=\"IN-ORKESTRA \/ PRESENTATION \/ EVENTS\" width=\"920\" height=\"518\" src=\"https:\/\/www.youtube.com\/embed\/EXVPhnHctDE?feature=oembed\" frameborder=\"0\" allow=\"accelerometer; autoplay; clipboard-write; encrypted-media; gyroscope; picture-in-picture; web-share\" referrerpolicy=\"strict-origin-when-cross-origin\" allowfullscreen><\/iframe>\n<\/div><figcaption class=\"wp-element-caption\">IN-ORKESTRA<\/figcaption><\/figure>\n\n\n\n<div class=\"wp-block-columns is-layout-flex wp-container-core-columns-is-layout-9d6595d7 wp-block-columns-is-layout-flex\">\n<div class=\"wp-block-column is-layout-flow wp-block-column-is-layout-flow\">\n<p class=\"has-medium-gray-color has-text-color has-link-color wp-elements-9d4d3ed41ef8b2c948442359dedd1ce4\" style=\"font-size:26px\">Porodica srca kompletnih profesionalnih umetnika sa vi\u0161estrukim talentima iz 4 ugla sveta koji zajedno dele pozornicu i prazni\u010dnu energiju muzike kako bi vam pru\u017eili najbolje trenutke u svojim doga\u0111ajima.<\/p>\n<\/div>\n\n\n\n<div class=\"wp-block-column is-layout-flow wp-block-column-is-layout-flow\">\n<div class=\"alignnormal\"><div id=\"metaslider-id-46\" style=\"width: 100%; margin: 0 auto;\" class=\"ml-slider-3-107-0 metaslider metaslider-flex metaslider-46 ml-slider ms-theme-outline nav-hidden\" role=\"region\" aria-label=\"Diaporama Accueil 2024\" data-height=\"600\" data-width=\"600\">\n    <div id=\"metaslider_container_46\">\n        <div id=\"metaslider_46\">\n            <ul class='slides'>\n                <li style=\"display: block; width: 100%;\" class=\"slide-311 ms-image \" aria-roledescription=\"slide\" data-date=\"2024-06-12 17:33:00\" data-filename=\"09F23178-FB13-47B0-A987-A0D92334BF2B-e1565261659856-1024x1024-1-600x600.jpg\" data-slide-type=\"image\"><img loading=\"lazy\" decoding=\"async\" src=\"https:\/\/www.in-orkestra.com\/wp-content\/uploads\/2024\/06\/09F23178-FB13-47B0-A987-A0D92334BF2B-e1565261659856-1024x1024-1-600x600.jpg\" height=\"600\" width=\"600\" alt=\"\" class=\"slider-46 slide-311 msDefaultImage\" title=\"Laure Pr\u00e9chac\" \/><div class=\"caption-wrap\"><div class=\"caption\">Laure<\/div><\/div><\/li>\n                <li style=\"display: none; width: 100%;\" class=\"slide-91 ms-image \" aria-roledescription=\"slide\" data-date=\"2024-06-10 09:20:56\" data-filename=\"Stan-549_web-1-e1580398578178-600x600.jpg\" data-slide-type=\"image\"><img loading=\"lazy\" decoding=\"async\" src=\"https:\/\/www.in-orkestra.com\/wp-content\/uploads\/2020\/01\/Stan-549_web-1-e1580398578178-600x600.jpg\" height=\"600\" width=\"600\" alt=\"\" class=\"slider-46 slide-91 msDefaultImage\" title=\"Stanko Marinkovic\" \/><div class=\"caption-wrap\"><div class=\"caption\">Stanko<\/div><\/div><\/li>\n                <li style=\"display: none; width: 100%;\" class=\"slide-99 ms-image \" aria-roledescription=\"slide\" data-date=\"2024-06-10 09:20:56\" data-filename=\"DEC14107-7592-4013-BD51-690E192DE0CF-1-e1565261829261-600x600.jpg\" data-slide-type=\"image\"><img loading=\"lazy\" decoding=\"async\" src=\"https:\/\/www.in-orkestra.com\/wp-content\/uploads\/2019\/07\/DEC14107-7592-4013-BD51-690E192DE0CF-1-e1565261829261-600x600.jpg\" height=\"600\" width=\"600\" alt=\"\" class=\"slider-46 slide-99 msDefaultImage\" title=\"Juliana Olm\" \/><div class=\"caption-wrap\"><div class=\"caption\">Juliana<\/div><\/div><\/li>\n                <li style=\"display: none; width: 100%;\" class=\"slide-460 ms-image \" aria-roledescription=\"slide\" data-date=\"2024-06-13 20:37:07\" data-filename=\"MichaelLecoq-600x600.jpeg\" data-slide-type=\"image\"><img loading=\"lazy\" decoding=\"async\" src=\"https:\/\/www.in-orkestra.com\/wp-content\/uploads\/2024\/06\/MichaelLecoq-600x600.jpeg\" height=\"600\" width=\"600\" alt=\"\" class=\"slider-46 slide-460 msDefaultImage\" title=\"Michael Lecoq\" \/><div class=\"caption-wrap\"><div class=\"caption\">Michael<\/div><\/div><\/li>\n                <li style=\"display: none; width: 100%;\" class=\"slide-92 ms-image \" aria-roledescription=\"slide\" data-date=\"2024-06-10 09:20:56\" data-filename=\"Leo_EB27342_web-1-e1580398481231-600x600.jpg\" data-slide-type=\"image\"><img loading=\"lazy\" decoding=\"async\" src=\"https:\/\/www.in-orkestra.com\/wp-content\/uploads\/2020\/01\/Leo_EB27342_web-1-e1580398481231-600x600.jpg\" height=\"600\" width=\"600\" alt=\"\" class=\"slider-46 slide-92 msDefaultImage\" title=\"L\u00e9o Aniaba\" \/><div class=\"caption-wrap\"><div class=\"caption\">L\u00e9o<\/div><\/div><\/li>\n                <li style=\"display: none; width: 100%;\" class=\"slide-98 ms-image \" aria-roledescription=\"slide\" data-date=\"2024-06-10 09:20:56\" data-filename=\"8F500409-DA77-4A47-87CA-5DBE1C360FD8-1-640x640-1-600x600.jpg\" data-slide-type=\"image\"><img loading=\"lazy\" decoding=\"async\" src=\"https:\/\/www.in-orkestra.com\/wp-content\/uploads\/2024\/06\/8F500409-DA77-4A47-87CA-5DBE1C360FD8-1-640x640-1-600x600.jpg\" height=\"600\" width=\"600\" alt=\"\" class=\"slider-46 slide-98 msDefaultImage\" title=\"Natalya Bond\" \/><div class=\"caption-wrap\"><div class=\"caption\">Natalya<\/div><\/div><\/li>\n                <li style=\"display: none; width: 100%;\" class=\"slide-461 ms-image \" aria-roledescription=\"slide\" data-date=\"2024-06-13 20:39:18\" data-filename=\"WozCaly-600x600.jpg\" data-slide-type=\"image\"><img loading=\"lazy\" decoding=\"async\" src=\"https:\/\/www.in-orkestra.com\/wp-content\/uploads\/2024\/06\/WozCaly-600x600.jpg\" height=\"600\" width=\"600\" alt=\"\" class=\"slider-46 slide-461 msDefaultImage\" title=\"Woz Kaly\" \/><div class=\"caption-wrap\"><div class=\"caption\">Woz<\/div><\/div><\/li>\n                <li style=\"display: none; width: 100%;\" class=\"slide-96 ms-image \" aria-roledescription=\"slide\" data-date=\"2024-06-10 09:20:56\" data-filename=\"IMG_4409-e1565262166611-600x600.jpg\" data-slide-type=\"image\"><img loading=\"lazy\" decoding=\"async\" src=\"https:\/\/www.in-orkestra.com\/wp-content\/uploads\/2019\/07\/IMG_4409-e1565262166611-600x600.jpg\" height=\"600\" width=\"600\" alt=\"\" class=\"slider-46 slide-96 msDefaultImage\" title=\"Catherine Gilant\" \/><div class=\"caption-wrap\"><div class=\"caption\">Catherine<\/div><\/div><\/li>\n                <li style=\"display: none; width: 100%;\" class=\"slide-93 ms-image \" aria-roledescription=\"slide\" data-date=\"2024-06-10 09:20:56\" data-filename=\"IMG_1039-768x769-1-600x600.jpeg\" data-slide-type=\"image\"><img loading=\"lazy\" decoding=\"async\" src=\"https:\/\/www.in-orkestra.com\/wp-content\/uploads\/2024\/06\/IMG_1039-768x769-1-600x600.jpeg\" height=\"600\" width=\"600\" alt=\"\" class=\"slider-46 slide-93 msDefaultImage\" title=\"Emmanuel Prybis\" \/><div class=\"caption-wrap\"><div class=\"caption\">Manu<\/div><\/div><\/li>\n                <li style=\"display: none; width: 100%;\" class=\"slide-462 ms-image \" aria-roledescription=\"slide\" data-date=\"2024-06-13 20:40:25\" data-filename=\"Forevernoun-web-600x600.png\" data-slide-type=\"image\"><img loading=\"lazy\" decoding=\"async\" src=\"https:\/\/www.in-orkestra.com\/wp-content\/uploads\/2024\/06\/Forevernoun-web-600x600.png\" height=\"600\" width=\"600\" alt=\"\" class=\"slider-46 slide-462 msDefaultImage\" title=\"ForeverNoun\" \/><div class=\"caption-wrap\"><div class=\"caption\">ForeverNoun<\/div><\/div><\/li>\n                <li style=\"display: none; width: 100%;\" class=\"slide-95 ms-image \" aria-roledescription=\"slide\" data-date=\"2024-06-10 09:20:56\" data-filename=\"IMG_3935-e1565260689119-600x600-1.jpg\" data-slide-type=\"image\"><img loading=\"lazy\" decoding=\"async\" src=\"https:\/\/www.in-orkestra.com\/wp-content\/uploads\/2024\/06\/IMG_3935-e1565260689119-600x600-1.jpg\" height=\"600\" width=\"600\" alt=\"\" class=\"slider-46 slide-95 msDefaultImage\" title=\"Mirella Toussaint\" \/><div class=\"caption-wrap\"><div class=\"caption\">Mirella<\/div><\/div><\/li>\n                <li style=\"display: none; width: 100%;\" class=\"slide-476 ms-image \" aria-roledescription=\"slide\" data-date=\"2024-06-18 17:51:12\" data-filename=\"nenad-600x600.jpeg\" data-slide-type=\"image\"><img loading=\"lazy\" decoding=\"async\" src=\"https:\/\/www.in-orkestra.com\/wp-content\/uploads\/2024\/06\/nenad-600x600.jpeg\" height=\"600\" width=\"600\" alt=\"\" class=\"slider-46 slide-476 msDefaultImage\" title=\"Nenad Gajin\" \/><div class=\"caption-wrap\"><div class=\"caption\">Nenad<\/div><\/div><\/li>\n                <li style=\"display: none; width: 100%;\" class=\"slide-97 ms-image \" aria-roledescription=\"slide\" data-date=\"2024-06-10 09:20:56\" data-filename=\"CBDAFB15-7C0E-4111-BBD9-9C6E484680D7-3-768x1152-1-600x600.jpg\" data-slide-type=\"image\"><img loading=\"lazy\" decoding=\"async\" src=\"https:\/\/www.in-orkestra.com\/wp-content\/uploads\/2024\/06\/CBDAFB15-7C0E-4111-BBD9-9C6E484680D7-3-768x1152-1-600x600.jpg\" height=\"600\" width=\"600\" alt=\"\" class=\"slider-46 slide-97 msDefaultImage\" title=\"Alexe\u00ef Derevitsky\" \/><div class=\"caption-wrap\"><div class=\"caption\">Alexei<\/div><\/div><\/li>\n            <\/ul>\n        <\/div>\n        \n    <\/div>\n<\/div><\/div>\n<\/div>\n<\/div>\n","protected":false},"excerpt":{"rendered":"<p>Porodica srca kompletnih profesionalnih umetnika sa vi\u0161estrukim talentima iz 4 ugla sveta koji zajedno dele pozornicu i prazni\u010dnu energiju muzike kako bi vam pru\u017eili najbolje trenutke u svojim doga\u0111ajima.<\/p>\n","protected":false},"author":1,"featured_media":0,"parent":0,"menu_order":0,"comment_status":"closed","ping_status":"closed","template":"","meta":{"footnotes":""},"class_list":["post-42","page","type-page","status-publish","hentry"],"guten_post_layout_featured_media_urls":{"full":false,"thumbnail":false,"medium":false,"medium_large":false,"large":false,"1536x1536":false,"2048x2048":false,"guten_post_layout_landscape_large":false,"guten_post_layout_portrait_large":false,"guten_post_layout_square_large":false,"guten_post_layout_landscape":false,"guten_post_layout_portrait":false,"guten_post_layout_square":false,"post-thumbnail":false,"euphony-archive":false,"euphony-archive-landscape":false,"euphony-archive-portrait":false,"euphony-slider":false,"euphony-testimonial":false,"euphony-stats":false,"euphony-team":false,"euphony-service":false,"euphony-logo-slider":false},"_links":{"self":[{"href":"https:\/\/www.in-orkestra.com\/sr\/wp-json\/wp\/v2\/pages\/42","targetHints":{"allow":["GET"]}}],"collection":[{"href":"https:\/\/www.in-orkestra.com\/sr\/wp-json\/wp\/v2\/pages"}],"about":[{"href":"https:\/\/www.in-orkestra.com\/sr\/wp-json\/wp\/v2\/types\/page"}],"author":[{"embeddable":true,"href":"https:\/\/www.in-orkestra.com\/sr\/wp-json\/wp\/v2\/users\/1"}],"replies":[{"embeddable":true,"href":"https:\/\/www.in-orkestra.com\/sr\/wp-json\/wp\/v2\/comments?post=42"}],"version-history":[{"count":54,"href":"https:\/\/www.in-orkestra.com\/sr\/wp-json\/wp\/v2\/pages\/42\/revisions"}],"predecessor-version":[{"id":553,"href":"https:\/\/www.in-orkestra.com\/sr\/wp-json\/wp\/v2\/pages\/42\/revisions\/553"}],"wp:attachment":[{"href":"https:\/\/www.in-orkestra.com\/sr\/wp-json\/wp\/v2\/media?parent=42"}],"curies":[{"name":"wp","href":"https:\/\/api.w.org\/{rel}","templated":true}]}}